{"id":1209,"date":"2015-06-10T12:19:34","date_gmt":"2015-06-10T12:19:34","guid":{"rendered":"http:\/\/socotrafarming.com\/contact-us\/"},"modified":"2018-04-02T15:45:19","modified_gmt":"2018-04-02T13:45:19","slug":"contact-us","status":"publish","type":"page","link":"https:\/\/socotrafarming.com\/fr\/contact-us\/","title":{"rendered":"Contactez nous"},"content":{"rendered":"<div class=\"wpb-content-wrapper\"><p>[vc_row centered=\u00a0\u00bbyes\u00a0\u00bb bg_type=\u00a0\u00bbimage\u00a0\u00bb parallax_style=\u00a0\u00bbvcpb-default\u00a0\u00bb bg_image_new=\u00a0\u00bbid^872|url^https:\/\/socotrafarming.com\/wp-content\/uploads\/2015\/06\/contact.jpg|caption^null|alt^null|title^contact|description^null\u00a0\u00bb bg_image_repeat=\u00a0\u00bbno-repeat\u00a0\u00bb bg_image_size=\u00a0\u00bbinitial\u00a0\u00bb bg_image_posiiton=\u00a0\u00bbcenter center\u00a0\u00bb padding_top=\u00a0\u00bb115px\u00a0\u00bb padding_bottom=\u00a0\u00bb115px\u00a0\u00bb sd_margin_bottom=\u00a0\u00bb0px\u00a0\u00bb][vc_column]<div id=\"ultimate-heading-76069e191f8c6f51\" class=\"uvc-heading ult-adjust-bottom-margin ultimate-heading-76069e191f8c6f51 uvc-8622 \" data-hspacer=\"line_only\"  data-halign=\"left\" style=\"text-align:left\"><div class=\"uvc-main-heading ult-responsive\"  data-ultimate-target='.uvc-heading.ultimate-heading-76069e191f8c6f51 h2'  data-responsive-json-new='{\"font-size\":\"desktop:36px;\",\"line-height\":\"\"}' ><h2 style=\"font-family:'Roboto';font-weight:300;color:#243c4f;margin-bottom:10px;\">Contactez nous<\/h2><\/div><div class=\"uvc-heading-spacer line_only\" style=\"topheight:1px;\"><span class=\"uvc-headings-line\" style=\"border-style:solid;border-bottom-width:1px;border-color:#00b4fa;width:50px;\"><\/span><\/div><\/div>[\/vc_column][\/vc_row][vc_row centered=\u00a0\u00bbyes\u00a0\u00bb bg_type=\u00a0\u00bbimage\u00a0\u00bb parallax_style=\u00a0\u00bbvcpb-default\u00a0\u00bb bg_image_new=\u00a0\u00bb600|https:\/\/socotrafarming.com\/wp-content\/uploads\/2015\/06\/contact-bg.png\u00a0\u00bb bg_image_repeat=\u00a0\u00bbrepeat-x\u00a0\u00bb bg_image_size=\u00a0\u00bbinitial\u00a0\u00bb bg_image_posiiton=\u00a0\u00bb0 100%\u00a0\u00bb sd_margin_bottom=\u00a0\u00bb0px\u00a0\u00bb][vc_column]<div class=\"ult-spacer spacer-69e191f8c6f74\" data-id=\"69e191f8c6f74\" data-height=\"80\" data-height-mobile=\"80\" data-height-tab=\"80\" data-height-tab-portrait=\"\" data-height-mobile-landscape=\"\" style=\"clear:both;display:block;\"><\/div><div id=\"ultimate-heading-462869e191f8c6f95\" class=\"uvc-heading ult-adjust-bottom-margin ultimate-heading-462869e191f8c6f95 uvc-2185 \" data-hspacer=\"line_only\"  data-halign=\"left\" style=\"text-align:left\"><div class=\"uvc-main-heading ult-responsive\"  data-ultimate-target='.uvc-heading.ultimate-heading-462869e191f8c6f95 h3'  data-responsive-json-new='{\"font-size\":\"desktop:30px;\",\"line-height\":\"\"}' ><h3 style=\"font-family:'Roboto';font-weight:300;margin-bottom:10px;\">Nous sommes ici \u00e0 votre service<\/h3><\/div><div class=\"uvc-sub-heading ult-responsive\"  data-ultimate-target='.uvc-heading.ultimate-heading-462869e191f8c6f95 .uvc-sub-heading '  data-responsive-json-new='{\"font-size\":\"\",\"line-height\":\"\"}'  style=\"font-family:'Roboto';font-weight:300;margin-bottom:15px;\">N\u2019h\u00e9sitez pas \u00e0 nous contacter<\/div><div class=\"uvc-heading-spacer line_only\" style=\"margin-bottom:30px;height:2px;\"><span class=\"uvc-headings-line\" style=\"border-style:solid;border-bottom-width:2px;border-color:#00b4fa;width:50px;\"><\/span><\/div><\/div><div class=\"ult-spacer spacer-69e191f8c6fa4\" data-id=\"69e191f8c6fa4\" data-height=\"20\" data-height-mobile=\"20\" data-height-tab=\"20\" data-height-tab-portrait=\"\" data-height-mobile-landscape=\"\" style=\"clear:both;display:block;\"><\/div>\n<div class=\"wpcf7 no-js\" id=\"wpcf7-f1383-o1\" lang=\"en-US\" dir=\"ltr\">\n<div class=\"screen-reader-response\"><p role=\"status\" aria-live=\"polite\" aria-atomic=\"true\"><\/p> <ul><\/ul><\/div>\n<form action=\"\/fr\/wp-json\/wp\/v2\/pages\/1209#wpcf7-f1383-o1\" method=\"post\" class=\"wpcf7-form init\" aria-label=\"Formulaire de contact\" novalidate=\"novalidate\" data-status=\"init\">\n<div style=\"display: none;\">\n<input type=\"hidden\" name=\"_wpcf7\" value=\"1383\" \/>\n<input type=\"hidden\" name=\"_wpcf7_version\" value=\"5.9.5\" \/>\n<input type=\"hidden\" name=\"_wpcf7_locale\" value=\"en_US\" \/>\n<input type=\"hidden\" name=\"_wpcf7_unit_tag\" value=\"wpcf7-f1383-o1\" \/>\n<input type=\"hidden\" name=\"_wpcf7_container_post\" value=\"0\" \/>\n<input type=\"hidden\" name=\"_wpcf7_posted_data_hash\" value=\"\" \/>\n<\/div>\n<p>* - A remplir recommandable\n<\/p>\n<div class=\"row sd-margin-bottom\">\n\t<div class=\"col-md-6\">\n\t\t<p><span class=\"wpcf7-form-control-wrap\" data-name=\"your-name\"><input size=\"40\" class=\"wpcf7-form-control wpcf7-text wpcf7-validates-as-required\" aria-required=\"true\" aria-invalid=\"false\" placeholder=\"Nom*\" value=\"\" type=\"text\" name=\"your-name\" \/><\/span>\n\t\t<\/p>\n\t\t<p><span class=\"wpcf7-form-control-wrap\" data-name=\"your-subject\"><input size=\"40\" class=\"wpcf7-form-control wpcf7-text\" aria-invalid=\"false\" placeholder=\"Sujet\" value=\"\" type=\"text\" name=\"your-subject\" \/><\/span>\n\t\t<\/p>\n\t<\/div>\n\t<div class=\"sd-margin-bottom visible-xs visible-sm\">\n\t<\/div>\n\t<div class=\"col-md-6\">\n\t\t<p><span class=\"wpcf7-form-control-wrap\" data-name=\"your-email\"><input size=\"40\" class=\"wpcf7-form-control wpcf7-email wpcf7-validates-as-required wpcf7-text wpcf7-validates-as-email\" aria-required=\"true\" aria-invalid=\"false\" placeholder=\"E-Mail*\" value=\"\" type=\"email\" name=\"your-email\" \/><\/span>\n\t\t<\/p>\n\t\t<p><span class=\"wpcf7-form-control-wrap\" data-name=\"your-phone\"><input size=\"40\" class=\"wpcf7-form-control wpcf7-tel wpcf7-text wpcf7-validates-as-tel\" aria-invalid=\"false\" placeholder=\"T\u00e9l\u00e9phone\" value=\"\" type=\"tel\" name=\"your-phone\" \/><\/span>\n\t\t<\/p>\n\t<\/div>\n<\/div>\n<p><span class=\"wpcf7-form-control-wrap\" data-name=\"your-message\"><textarea cols=\"40\" rows=\"10\" class=\"wpcf7-form-control wpcf7-textarea\" aria-invalid=\"false\" placeholder=\"Message*\" name=\"your-message\"><\/textarea><\/span>\n<\/p>\n<p>Je suis d'accord avec la <a href=\"https:\/\/socotrafarming.com\/fr\/politique-de-confidentialite\/\" target=\"_blank\">politique de confidentialit\u00e9<\/a>\n<\/p>\n<p><span class=\"wpcf7-form-control-wrap\" data-name=\"privacy-policy\"><span class=\"wpcf7-form-control wpcf7-checkbox wpcf7-validates-as-required\"><span class=\"wpcf7-list-item first last\"><input type=\"checkbox\" name=\"privacy-policy[]\" value=\"Je suis d&#039;accord avec la politique de confidentialit\u00e9\" \/><span class=\"wpcf7-list-item-label\">Je suis d&#039;accord avec la politique de confidentialit\u00e9<\/span><\/span><\/span><\/span>\n<\/p>\n<p><input class=\"wpcf7-form-control wpcf7-submit has-spinner\" type=\"submit\" value=\"Soumettez maintenant\" \/>\n<\/p><noscript>\n\t\t\t<div class=\"wpcf7-response-output wpcf7-spam-blocked\">Your browser does not support JavaScript!. Please enable javascript in your browser in order to get form work properly.<\/div>\n\t<\/noscript><script type='text\/javascript'>\n\n\t\t\t\t\t\tif(contactform === undefined){\n\t\t\t\t\t\t\tvar contactform = [];\n\t\t\t\t\t\t}\n\t\t\t\t\t\tvar innerVal = [1383,'mail_sent_ok','Nous avons re&ccedil;u votre message, pour lequel nous vous remercions.'];\n\t\t\t\t\t\tcontactform.push(innerVal);\n\t\t\t\t\t\tvar innerVal = [1383,'mail_sent_ng','Nous n&rsquo;avons pas re&ccedil;u votre message.  Veuillez re-essayer plus tard, pour lequel nous vous remercions.'];\n\t\t\t\t\t\tcontactform.push(innerVal);\n\t\t\t\t\t\tvar innerVal = [1383,'validation_error','Des fautes de validation se pr&eacute;sentent.  Veuillez confirmer les cellules et renvoyer.'];\n\t\t\t\t\t\tcontactform.push(innerVal);\n\t\t\t\t\t\tvar innerVal = [1383,'spam','Nous n&rsquo;avons pas re&ccedil;u votre message.  Veuillez re-essayer plus tard, pour lequel nous vous remercions.'];\n\t\t\t\t\t\tcontactform.push(innerVal);\n\t\t\t\t\t\tvar innerVal = [1383,'accept_terms','Please accept the terms to proceed.'];\n\t\t\t\t\t\tcontactform.push(innerVal);\n\t\t\t\t\t\tvar innerVal = [1383,'invalid_required','Veuillez compl&eacute;ter les cellules marquees.'];\n\t\t\t\t\t\tcontactform.push(innerVal);\n\t\t\t\t\t\tvar innerVal = [1383,'invalid_too_long','This input is too long.'];\n\t\t\t\t\t\tcontactform.push(innerVal);\n\t\t\t\t\t\tvar innerVal = [1383,'invalid_too_short','This input is too short.'];\n\t\t\t\t\t\tcontactform.push(innerVal);\n\t\t\t\t\t\tvar innerVal = [1383,'invalid_date','Date format seems invalid.'];\n\t\t\t\t\t\tcontactform.push(innerVal);\n\t\t\t\t\t\tvar innerVal = [1383,'date_too_early','This date is too early.'];\n\t\t\t\t\t\tcontactform.push(innerVal);\n\t\t\t\t\t\tvar innerVal = [1383,'date_too_late','This date is too late.'];\n\t\t\t\t\t\tcontactform.push(innerVal);\n\t\t\t\t\t\tvar innerVal = [1383,'upload_failed','Failed to upload file.'];\n\t\t\t\t\t\tcontactform.push(innerVal);\n\t\t\t\t\t\tvar innerVal = [1383,'upload_file_type_invalid','This file type is not allowed.'];\n\t\t\t\t\t\tcontactform.push(innerVal);\n\t\t\t\t\t\tvar innerVal = [1383,'upload_file_too_large','This file is too large.'];\n\t\t\t\t\t\tcontactform.push(innerVal);\n\t\t\t\t\t\tvar innerVal = [1383,'upload_failed_php_error','Failed to upload file. Error occurred.'];\n\t\t\t\t\t\tcontactform.push(innerVal);\n\t\t\t\t\t\tvar innerVal = [1383,'invalid_number','Number format seems invalid.'];\n\t\t\t\t\t\tcontactform.push(innerVal);\n\t\t\t\t\t\tvar innerVal = [1383,'number_too_small','This number is too small.'];\n\t\t\t\t\t\tcontactform.push(innerVal);\n\t\t\t\t\t\tvar innerVal = [1383,'number_too_large','This number is too large.'];\n\t\t\t\t\t\tcontactform.push(innerVal);\n\t\t\t\t\t\tvar innerVal = [1383,'quiz_answer_not_correct','Your answer is not correct.'];\n\t\t\t\t\t\tcontactform.push(innerVal);\n\t\t\t\t\t\tvar innerVal = [1383,'captcha_not_match','Your entered code is incorrect.'];\n\t\t\t\t\t\tcontactform.push(innerVal);\n\t\t\t\t\t\tvar innerVal = [1383,'invalid_email','Votre adresse email para&icirc;t &ecirc;tre non valuable.'];\n\t\t\t\t\t\tcontactform.push(innerVal);\n\t\t\t\t\t\tvar innerVal = [1383,'invalid_url','URL seems invalid.'];\n\t\t\t\t\t\tcontactform.push(innerVal);\n\t\t\t\t\t\tvar innerVal = [1383,'invalid_tel','Telephone number seems invalid.'];\n\t\t\t\t\t\tcontactform.push(innerVal);\n\t\t\t\t\t\tvar innerVal = [1383,'gdpr',''];\n\t\t\t\t\t\tcontactform.push(innerVal);\n\t\t\t\t\t\t<\/script><div class=\"wpcf7-response-output\" aria-hidden=\"true\"><\/div>\n<\/form>\n<\/div>\n<div class=\"ult-spacer spacer-69e191f8cb6b1\" data-id=\"69e191f8cb6b1\" data-height=\"80\" data-height-mobile=\"80\" data-height-tab=\"80\" data-height-tab-portrait=\"\" data-height-mobile-landscape=\"\" style=\"clear:both;display:block;\"><\/div>[\/vc_column][\/vc_row][vc_row centered=\u00a0\u00bbyes\u00a0\u00bb bg_type=\u00a0\u00bbbg_color\u00a0\u00bb sd_bg_color=\u00a0\u00bb#00b4fa\u00a0\u00bb sd_margin_bottom=\u00a0\u00bb0px\u00a0\u00bb bg_color_value=\u00a0\u00bb#4ca231&Prime;][vc_column]<div class=\"ult-spacer spacer-69e191f8cb6bb\" data-id=\"69e191f8cb6bb\" data-height=\"80\" data-height-mobile=\"80\" data-height-tab=\"80\" data-height-tab-portrait=\"\" data-height-mobile-landscape=\"\" style=\"clear:both;display:block;\"><\/div>[vc_row_inner css=\u00a0\u00bb.vc_custom_1443543449350{margin-bottom: 0px !important;}\u00a0\u00bb][vc_column_inner width=\u00a0\u00bb1\/4&Prime;]<div class=\"aio-icon-component    style_2\"><div id=\"Info-box-wrap-9187\" class=\"aio-icon-box left-icon\" style=\"\"  ><div class=\"aio-icon-left\"><div class=\"ult-just-icon-wrapper  \"><div class=\"align-icon\" style=\"text-align:center;\">\n<div class=\"aio-icon none \"  style=\"color:#ffffff;font-size:32px;display:inline-block;\">\n\t<i class=\"Defaults-life-bouy life-buoy life-ring life-saver support\"><\/i>\n<\/div><\/div><\/div><\/div><div class=\"aio-ibd-block\"><div class=\"aio-icon-header\" ><h3 class=\"aio-icon-title ult-responsive\"  data-ultimate-target='#Info-box-wrap-9187 .aio-icon-title'  data-responsive-json-new='{\"font-size\":\"desktop:21px;\",\"line-height\":\"\"}'  style=\"color:#ffffff;\"> Support<\/h3><\/div> <!-- header --><div class=\"aio-icon-description ult-responsive\"  data-ultimate-target='#Info-box-wrap-9187 .aio-icon-description'  data-responsive-json-new='{\"font-size\":\"\",\"line-height\":\"\"}'  style=\"font-family:'Roboto';font-weight:300;color:#ffffff;\"><a href=\"tel:+32%2050%2039%2045%2000\" target=\"_blank\" rel=\"noopener noreferrer\">0032 (0)50 39 45 00<\/a> <a class=\"m_-6300154418280181964gmail_msg\" href=\"mailto:socotra@telenet.be\" target=\"_blank\" rel=\"noopener noreferrer\">socotra@telenet.be<\/a><\/div> <!-- description --><\/div> <!-- aio-ibd-block --><\/div> <!-- aio-icon-box --><\/div> <!-- aio-icon-component -->[\/vc_column_inner][vc_column_inner width=\u00a0\u00bb1\/4&Prime;][\/vc_column_inner][vc_column_inner width=\u00a0\u00bb1\/4&Prime;][\/vc_column_inner][vc_column_inner width=\u00a0\u00bb1\/4&Prime;][\/vc_column_inner][\/vc_row_inner]<div class=\"ult-spacer spacer-69e191f8cb7e8\" data-id=\"69e191f8cb7e8\" data-height=\"50\" data-height-mobile=\"50\" data-height-tab=\"50\" data-height-tab-portrait=\"\" data-height-mobile-landscape=\"\" style=\"clear:both;display:block;\"><\/div>[\/vc_column][\/vc_row]<\/p>\n<\/div>","protected":false},"excerpt":{"rendered":"<p>[vc_row centered=\u00a0\u00bbyes\u00a0\u00bb bg_type=\u00a0\u00bbimage\u00a0\u00bb parallax_style=\u00a0\u00bbvcpb-default\u00a0\u00bb bg_image_new=\u00a0\u00bbid^872|url^https:\/\/socotrafarming.com\/wp-content\/uploads\/2015\/06\/contact.jpg|caption^null|alt^null|title^contact|description^null\u00a0\u00bb bg_image_repeat=\u00a0\u00bbno-repeat\u00a0\u00bb bg_image_size=\u00a0\u00bbinitial\u00a0\u00bb bg_image_posiiton=\u00a0\u00bbcenter center\u00a0\u00bb padding_top=\u00a0\u00bb115px\u00a0\u00bb padding_bottom=\u00a0\u00bb115px\u00a0\u00bb sd_margin_bottom=\u00a0\u00bb0px\u00a0\u00bb][vc_column][\/vc_column][\/vc_row][vc_row centered=\u00a0\u00bbyes\u00a0\u00bb bg_type=\u00a0\u00bbimage\u00a0\u00bb parallax_style=\u00a0\u00bbvcpb-default\u00a0\u00bb bg_image_new=\u00a0\u00bb600|https:\/\/socotrafarming.com\/wp-content\/uploads\/2015\/06\/contact-bg.png\u00a0\u00bb bg_image_repeat=\u00a0\u00bbrepeat-x\u00a0\u00bb bg_image_size=\u00a0\u00bbinitial\u00a0\u00bb bg_image_posiiton=\u00a0\u00bb0 100%\u00a0\u00bb sd_margin_bottom=\u00a0\u00bb0px\u00a0\u00bb][vc_column][\/vc_column][\/vc_row][vc_row centered=\u00a0\u00bbyes\u00a0\u00bb bg_type=\u00a0\u00bbbg_color\u00a0\u00bb sd_bg_color=\u00a0\u00bb#00b4fa\u00a0\u00bb sd_margin_bottom=\u00a0\u00bb0px\u00a0\u00bb bg_color_value=\u00a0\u00bb#4ca231&Prime;][vc_column][vc_row_inner css=\u00a0\u00bb.vc_custom_1443543449350{margin-bottom: 0px !important;}\u00a0\u00bb][vc_column_inner width=\u00a0\u00bb1\/4&Prime;][\/vc_column_inner][vc_column_inner width=\u00a0\u00bb1\/4&Prime;][\/vc_column_inner][vc_column_inner width=\u00a0\u00bb1\/4&Prime;][\/vc_column_inner][vc_column_inner width=\u00a0\u00bb1\/4&Prime;][\/vc_column_inner][\/vc_row_inner][\/vc_column][\/vc_row]<\/p>\n<div class=\"sd-more-wrapper\">\n<p><a class=\"sd-more sd-opacity-trans\" href=\"https:\/\/socotrafarming.com\/fr\/contact-us\/#more-1209\">Read More<\/a><\/p>\n<\/div>\n","protected":false},"author":1,"featured_media":0,"parent":0,"menu_order":0,"comment_status":"open","ping_status":"open","template":"full-width-page.php","meta":{"_monsterinsights_skip_tracking":false,"_monsterinsights_sitenote_active":false,"_monsterinsights_sitenote_note":"","_monsterinsights_sitenote_category":0,"footnotes":""},"yoast_head":"<!-- This site is optimized with the Yoast SEO plugin v22.8 - https:\/\/yoast.com\/wordpress\/plugins\/seo\/ -->\n<title>Contactez-nous - Socotra Farming<\/title>\n<meta name=\"description\" content=\"N&#039;h\u00e9sitez pas \u00e0 nous contacter pour toute question. Nous sommes \u00e0 votre disposition\" \/>\n<meta name=\"robots\" content=\"index, follow, max-snippet:-1, max-image-preview:large, max-video-preview:-1\" \/>\n<link rel=\"canonical\" href=\"https:\/\/socotrafarming.com\/contact-us\/\" \/>\n<meta property=\"og:locale\" content=\"fr_FR\" \/>\n<meta property=\"og:type\" content=\"article\" \/>\n<meta property=\"og:title\" content=\"Contactez-nous - Socotra Farming\" \/>\n<meta property=\"og:description\" content=\"N&#039;h\u00e9sitez pas \u00e0 nous contacter pour toute question. Nous sommes \u00e0 votre disposition\" \/>\n<meta property=\"og:url\" content=\"https:\/\/socotrafarming.com\/contact-us\/\" \/>\n<meta property=\"og:site_name\" content=\"Socotra Farming\" \/>\n<meta property=\"article:modified_time\" content=\"2018-04-02T13:45:19+00:00\" \/>\n<meta name=\"twitter:card\" content=\"summary_large_image\" \/>\n<meta name=\"twitter:label1\" content=\"Dur\u00e9e de lecture estim\u00e9e\" \/>\n\t<meta name=\"twitter:data1\" content=\"2 minutes\" \/>\n<script type=\"application\/ld+json\" class=\"yoast-schema-graph\">{\"@context\":\"https:\/\/schema.org\",\"@graph\":[{\"@type\":\"WebPage\",\"@id\":\"https:\/\/socotrafarming.com\/contact-us\/\",\"url\":\"https:\/\/socotrafarming.com\/contact-us\/\",\"name\":\"Contactez-nous - Socotra Farming\",\"isPartOf\":{\"@id\":\"https:\/\/socotrafarming.com\/zh-hans\/#website\"},\"datePublished\":\"2015-06-10T12:19:34+00:00\",\"dateModified\":\"2018-04-02T13:45:19+00:00\",\"description\":\"N'h\u00e9sitez pas \u00e0 nous contacter pour toute question. Nous sommes \u00e0 votre disposition\",\"breadcrumb\":{\"@id\":\"https:\/\/socotrafarming.com\/contact-us\/#breadcrumb\"},\"inLanguage\":\"fr-FR\",\"potentialAction\":[{\"@type\":\"ReadAction\",\"target\":[\"https:\/\/socotrafarming.com\/contact-us\/\"]}]},{\"@type\":\"BreadcrumbList\",\"@id\":\"https:\/\/socotrafarming.com\/contact-us\/#breadcrumb\",\"itemListElement\":[{\"@type\":\"ListItem\",\"position\":1,\"name\":\"Home\",\"item\":\"https:\/\/socotrafarming.com\/fr\/\"},{\"@type\":\"ListItem\",\"position\":2,\"name\":\"Contactez nous\"}]},{\"@type\":\"WebSite\",\"@id\":\"https:\/\/socotrafarming.com\/zh-hans\/#website\",\"url\":\"https:\/\/socotrafarming.com\/zh-hans\/\",\"name\":\"Socotra Farming\",\"description\":\"Farmland investments in Romania\",\"potentialAction\":[{\"@type\":\"SearchAction\",\"target\":{\"@type\":\"EntryPoint\",\"urlTemplate\":\"https:\/\/socotrafarming.com\/zh-hans\/?s={search_term_string}\"},\"query-input\":\"required name=search_term_string\"}],\"inLanguage\":\"fr-FR\"}]}<\/script>\n<!-- \/ Yoast SEO plugin. -->","yoast_head_json":{"title":"Contactez-nous - Socotra Farming","description":"N'h\u00e9sitez pas \u00e0 nous contacter pour toute question. Nous sommes \u00e0 votre disposition","robots":{"index":"index","follow":"follow","max-snippet":"max-snippet:-1","max-image-preview":"max-image-preview:large","max-video-preview":"max-video-preview:-1"},"canonical":"https:\/\/socotrafarming.com\/contact-us\/","og_locale":"fr_FR","og_type":"article","og_title":"Contactez-nous - Socotra Farming","og_description":"N'h\u00e9sitez pas \u00e0 nous contacter pour toute question. Nous sommes \u00e0 votre disposition","og_url":"https:\/\/socotrafarming.com\/contact-us\/","og_site_name":"Socotra Farming","article_modified_time":"2018-04-02T13:45:19+00:00","twitter_card":"summary_large_image","twitter_misc":{"Dur\u00e9e de lecture estim\u00e9e":"2 minutes"},"schema":{"@context":"https:\/\/schema.org","@graph":[{"@type":"WebPage","@id":"https:\/\/socotrafarming.com\/contact-us\/","url":"https:\/\/socotrafarming.com\/contact-us\/","name":"Contactez-nous - Socotra Farming","isPartOf":{"@id":"https:\/\/socotrafarming.com\/zh-hans\/#website"},"datePublished":"2015-06-10T12:19:34+00:00","dateModified":"2018-04-02T13:45:19+00:00","description":"N'h\u00e9sitez pas \u00e0 nous contacter pour toute question. Nous sommes \u00e0 votre disposition","breadcrumb":{"@id":"https:\/\/socotrafarming.com\/contact-us\/#breadcrumb"},"inLanguage":"fr-FR","potentialAction":[{"@type":"ReadAction","target":["https:\/\/socotrafarming.com\/contact-us\/"]}]},{"@type":"BreadcrumbList","@id":"https:\/\/socotrafarming.com\/contact-us\/#breadcrumb","itemListElement":[{"@type":"ListItem","position":1,"name":"Home","item":"https:\/\/socotrafarming.com\/fr\/"},{"@type":"ListItem","position":2,"name":"Contactez nous"}]},{"@type":"WebSite","@id":"https:\/\/socotrafarming.com\/zh-hans\/#website","url":"https:\/\/socotrafarming.com\/zh-hans\/","name":"Socotra Farming","description":"Farmland investments in Romania","potentialAction":[{"@type":"SearchAction","target":{"@type":"EntryPoint","urlTemplate":"https:\/\/socotrafarming.com\/zh-hans\/?s={search_term_string}"},"query-input":"required name=search_term_string"}],"inLanguage":"fr-FR"}]}},"_links":{"self":[{"href":"https:\/\/socotrafarming.com\/fr\/wp-json\/wp\/v2\/pages\/1209"}],"collection":[{"href":"https:\/\/socotrafarming.com\/fr\/wp-json\/wp\/v2\/pages"}],"about":[{"href":"https:\/\/socotrafarming.com\/fr\/wp-json\/wp\/v2\/types\/page"}],"author":[{"embeddable":true,"href":"https:\/\/socotrafarming.com\/fr\/wp-json\/wp\/v2\/users\/1"}],"replies":[{"embeddable":true,"href":"https:\/\/socotrafarming.com\/fr\/wp-json\/wp\/v2\/comments?post=1209"}],"version-history":[{"count":12,"href":"https:\/\/socotrafarming.com\/fr\/wp-json\/wp\/v2\/pages\/1209\/revisions"}],"predecessor-version":[{"id":1789,"href":"https:\/\/socotrafarming.com\/fr\/wp-json\/wp\/v2\/pages\/1209\/revisions\/1789"}],"wp:attachment":[{"href":"https:\/\/socotrafarming.com\/fr\/wp-json\/wp\/v2\/media?parent=1209"}],"curies":[{"name":"wp","href":"https:\/\/api.w.org\/{rel}","templated":true}]}}